{"id":11,"date":"2019-08-29T03:17:23","date_gmt":"2019-08-29T01:17:23","guid":{"rendered":"http:\/\/archiconceptint.sn\/en\/?page_id=11"},"modified":"2019-08-31T16:41:32","modified_gmt":"2019-08-31T14:41:32","slug":"serigne-touba-museum","status":"publish","type":"page","link":"http:\/\/archiconceptint.sn\/en\/projects\/serigne-touba-museum\/","title":{"rendered":"Serigne Touba Museum"},"content":{"rendered":"<p><div id=\"headerVid\" class=\"fusion-fullwidth fullwidth-box nonhundred-percent-fullwidth non-hundred-percent-height-scrolling\"  style='background-color: rgba(255,255,255,0);background-position: center center;background-repeat: no-repeat;padding-top:0px;padding-right:0px;padding-bottom:0px;padding-left:0px;'><div class=\"fusion-builder-row fusion-row \"><div  class=\"fusion-layout-column fusion_builder_column fusion_builder_column_1_1  fusion-one-full fusion-column-first fusion-column-last 1_1\"  style='margin-top:0px;margin-bottom:20px;'>\n\t\t\t\t\t<div class=\"fusion-column-wrapper\" style=\"background-position:left top;background-repeat:no-repeat;-webkit-background-size:cover;-moz-background-size:cover;-o-background-size:cover;background-size:cover;\"  data-bg-url=\"\">\n\t\t\t\t\t\t<video class=\"headerVid\" autoplay poster=\"http:\/\/www.archiconceptint.sn\/videos\/video-base.jpg\">\n\t<source src=\"http:\/\/www.archiconceptint.sn\/videos\/musee-serigne-touba-cabinet-architecture-archiconceptint.mp4\" type=\"video\/mp4\">\n\t<source src=\"http:\/\/www.archiconceptint.sn\/videos\/musee-serigne-touba-cabinet-architecture-archiconceptint.ogv\" type=\"video\/ogv\">\n\t<source src=\"http:\/\/www.archiconceptint.sn\/videos\/musee-serigne-touba-cabinet-architecture-archiconceptint.webm\" type=\"video\/webm\">\n\t\n\tYour browser does not support the video tag or the file format of this video. <a href=\"http:\/\/www.supportduweb.com\/\">http:\/\/www.supportduweb.com\/<\/a>\n<\/video><div class=\"fusion-clearfix\"><\/div>\n\n\t\t\t\t\t<\/div>\n\t\t\t\t<\/div><div  class=\"fusion-layout-column fusion_builder_column fusion_builder_column_1_1  fusion-one-full fusion-column-first fusion-column-last 1_1\"  style='margin-top:0px;margin-bottom:0px;'>\n\t\t\t\t\t<div class=\"fusion-column-wrapper\" style=\"padding: 0px 0px 0px 0px;background-position:left top;background-repeat:no-repeat;-webkit-background-size:cover;-moz-background-size:cover;-o-background-size:cover;background-size:cover;\"  data-bg-url=\"\">\n\t\t\t\t\t\t<div class=\"fusion-title title fusion-sep-none fusion-title-center fusion-title-size-one\" style=\"margin-top:0px;margin-bottom:31px;\"><h1 class=\"title-heading-center\">Serigne Touba Museum<\/h1><\/div><div class=\"fusion-clearfix\"><\/div>\n\n\t\t\t\t\t<\/div>\n\t\t\t\t<\/div><\/div><\/div><div class=\"fusion-fullwidth fullwidth-box nonhundred-percent-fullwidth non-hundred-percent-height-scrolling\"  style='background-color: rgba(255,255,255,0);background-position: center center;background-repeat: no-repeat;padding-top:0px;padding-right:0px;padding-bottom:0px;padding-left:0px;'><div class=\"fusion-builder-row fusion-row \"><div  class=\"fusion-layout-column fusion_builder_column fusion_builder_column_1_2  fusion-one-half fusion-column-first fusion-spacing-no 1_2\"  style='margin-top:0px;margin-bottom:0px;width:50%;width:calc(50% - ( ( 0 ) * 0.5 ) );margin-right: 0px;'>\n\t\t\t\t\t<div class=\"fusion-column-wrapper\" style=\"padding: 0px 2px 0px 0px;background-position:left top;background-repeat:no-repeat;-webkit-background-size:cover;-moz-background-size:cover;-o-background-size:cover;background-size:cover;\"  data-bg-url=\"\">\n\t\t\t\t\t\t<span class=\"fusion-imageframe imageframe-none imageframe-1 hover-type-none\"><a class=\"fusion-no-lightbox\" href=\"Serigne Touba Museum - Architectural firm ACI - Archi Concept International in Dakar, Senegal - Malick Mbow, architect DPLG-F\" target=\"_self\" aria-label=\"serigne-touba-museum-senegal-architectural-firm-archi-concept-international-malick-mbow-1\"><img loading=\"lazy\" decoding=\"async\" src=\"http:\/\/archiconceptint.sn\/en\/wp-content\/uploads\/2019\/08\/serigne-touba-museum-senegal-architectural-firm-archi-concept-international-malick-mbow-1.jpg\" width=\"1088\" height=\"611\" alt=\"Mus\u00e9e S\u00e9rigne Touba - S\u00e9n\u00e9gal\" class=\"img-responsive wp-image-83\" srcset=\"http:\/\/archiconceptint.sn\/en\/wp-content\/uploads\/2019\/08\/serigne-touba-museum-senegal-architectural-firm-archi-concept-international-malick-mbow-1-200x112.jpg 200w, http:\/\/archiconceptint.sn\/en\/wp-content\/uploads\/2019\/08\/serigne-touba-museum-senegal-architectural-firm-archi-concept-international-malick-mbow-1-400x225.jpg 400w, http:\/\/archiconceptint.sn\/en\/wp-content\/uploads\/2019\/08\/serigne-touba-museum-senegal-architectural-firm-archi-concept-international-malick-mbow-1-600x337.jpg 600w, http:\/\/archiconceptint.sn\/en\/wp-content\/uploads\/2019\/08\/serigne-touba-museum-senegal-architectural-firm-archi-concept-international-malick-mbow-1-800x449.jpg 800w, http:\/\/archiconceptint.sn\/en\/wp-content\/uploads\/2019\/08\/serigne-touba-museum-senegal-architectural-firm-archi-concept-international-malick-mbow-1.jpg 1088w\" sizes=\"auto, (max-width: 800px) 100vw, 600px\" \/><\/a><\/span><div class=\"fusion-clearfix\"><\/div>\n\n\t\t\t\t\t<\/div>\n\t\t\t\t<\/div><div  class=\"fusion-layout-column fusion_builder_column fusion_builder_column_1_2  fusion-one-half fusion-column-last fusion-spacing-no 1_2\"  style='margin-top:0px;margin-bottom:0px;width:50%;width:calc(50% - ( ( 0 ) * 0.5 ) );'>\n\t\t\t\t\t<div class=\"fusion-column-wrapper\" style=\"padding: 0px 0px 0px 2px;background-position:left top;background-repeat:no-repeat;-webkit-background-size:cover;-moz-background-size:cover;-o-background-size:cover;background-size:cover;\"  data-bg-url=\"\">\n\t\t\t\t\t\t<span class=\"fusion-imageframe imageframe-none imageframe-2 hover-type-none\"><img loading=\"lazy\" decoding=\"async\" src=\"http:\/\/archiconceptint.sn\/en\/wp-content\/uploads\/2019\/08\/serigne-touba-museum-senegal-architectural-firm-archi-concept-international-malick-mbow-2.jpg\" width=\"1088\" height=\"611\" alt=\"Serigne Touba Museum - Architectural firm ACI - Archi Concept International in Dakar, Senegal - Malick Mbow, architect DPLG-F\" title=\"serigne-touba-museum-senegal-architectural-firm-archi-concept-international-malick-mbow-2\" class=\"img-responsive wp-image-84\" srcset=\"http:\/\/archiconceptint.sn\/en\/wp-content\/uploads\/2019\/08\/serigne-touba-museum-senegal-architectural-firm-archi-concept-international-malick-mbow-2-200x112.jpg 200w, http:\/\/archiconceptint.sn\/en\/wp-content\/uploads\/2019\/08\/serigne-touba-museum-senegal-architectural-firm-archi-concept-international-malick-mbow-2-400x225.jpg 400w, http:\/\/archiconceptint.sn\/en\/wp-content\/uploads\/2019\/08\/serigne-touba-museum-senegal-architectural-firm-archi-concept-international-malick-mbow-2-600x337.jpg 600w, http:\/\/archiconceptint.sn\/en\/wp-content\/uploads\/2019\/08\/serigne-touba-museum-senegal-architectural-firm-archi-concept-international-malick-mbow-2-800x449.jpg 800w, http:\/\/archiconceptint.sn\/en\/wp-content\/uploads\/2019\/08\/serigne-touba-museum-senegal-architectural-firm-archi-concept-international-malick-mbow-2.jpg 1088w\" sizes=\"auto, (max-width: 800px) 100vw, 600px\" \/><\/span><div class=\"fusion-clearfix\"><\/div>\n\n\t\t\t\t\t<\/div>\n\t\t\t\t<\/div><\/div><\/div><div class=\"fusion-fullwidth fullwidth-box nonhundred-percent-fullwidth non-hundred-percent-height-scrolling\"  style='background-color: rgba(255,255,255,0);background-position: center center;background-repeat: no-repeat;padding-top:0px;padding-right:0px;padding-bottom:0px;padding-left:0px;margin-top: 5px;'><div class=\"fusion-builder-row fusion-row \"><div  class=\"fusion-layout-column fusion_builder_column fusion_builder_column_1_2  fusion-one-half fusion-column-first fusion-spacing-no 1_2\"  style='margin-top:0px;margin-bottom:0px;width:50%;width:calc(50% - ( ( 0 ) * 0.5 ) );margin-right: 0px;'>\n\t\t\t\t\t<div class=\"fusion-column-wrapper\" style=\"padding: 0px 2px 0px 0px;background-position:left top;background-repeat:no-repeat;-webkit-background-size:cover;-moz-background-size:cover;-o-background-size:cover;background-size:cover;\"  data-bg-url=\"\">\n\t\t\t\t\t\t<span class=\"fusion-imageframe imageframe-none imageframe-3 hover-type-none\"><img loading=\"lazy\" decoding=\"async\" src=\"http:\/\/archiconceptint.sn\/en\/wp-content\/uploads\/2019\/08\/serigne-touba-museum-senegal-architectural-firm-archi-concept-international-malick-mbow-3.jpg\" width=\"1088\" height=\"1133\" alt=\"Serigne Touba Museum - Architectural firm ACI - Archi Concept International in Dakar, Senegal - Malick Mbow, architect DPLG-F\" title=\"serigne-touba-museum-senegal-architectural-firm-archi-concept-international-malick-mbow-3\" class=\"img-responsive wp-image-85\" srcset=\"http:\/\/archiconceptint.sn\/en\/wp-content\/uploads\/2019\/08\/serigne-touba-museum-senegal-architectural-firm-archi-concept-international-malick-mbow-3-200x208.jpg 200w, http:\/\/archiconceptint.sn\/en\/wp-content\/uploads\/2019\/08\/serigne-touba-museum-senegal-architectural-firm-archi-concept-international-malick-mbow-3-400x417.jpg 400w, http:\/\/archiconceptint.sn\/en\/wp-content\/uploads\/2019\/08\/serigne-touba-museum-senegal-architectural-firm-archi-concept-international-malick-mbow-3-600x625.jpg 600w, http:\/\/archiconceptint.sn\/en\/wp-content\/uploads\/2019\/08\/serigne-touba-museum-senegal-architectural-firm-archi-concept-international-malick-mbow-3-800x833.jpg 800w, http:\/\/archiconceptint.sn\/en\/wp-content\/uploads\/2019\/08\/serigne-touba-museum-senegal-architectural-firm-archi-concept-international-malick-mbow-3.jpg 1088w\" sizes=\"auto, (max-width: 800px) 100vw, 600px\" \/><\/span><div class=\"fusion-clearfix\"><\/div>\n\n\t\t\t\t\t<\/div>\n\t\t\t\t<\/div><div  class=\"fusion-layout-column fusion_builder_column fusion_builder_column_1_2  fusion-one-half fusion-column-last fusion-spacing-no 1_2\"  style='margin-top:0px;margin-bottom:0px;width:50%;width:calc(50% - ( ( 0 ) * 0.5 ) );'>\n\t\t\t\t\t<div class=\"fusion-column-wrapper\" style=\"padding: 0px 0px 0px 2px;background-position:left top;background-repeat:no-repeat;-webkit-background-size:cover;-moz-background-size:cover;-o-background-size:cover;background-size:cover;\"  data-bg-url=\"\">\n\t\t\t\t\t\t<span class=\"fusion-imageframe imageframe-none imageframe-4 hover-type-none\"><img loading=\"lazy\" decoding=\"async\" src=\"http:\/\/archiconceptint.sn\/en\/wp-content\/uploads\/2019\/08\/serigne-touba-museum-senegal-architectural-firm-archi-concept-international-malick-mbow-4.jpg\" width=\"1088\" height=\"1133\" alt=\"Serigne Touba Museum - Architectural firm ACI - Archi Concept International in Dakar, Senegal - Malick Mbow, architect DPLG-F\" title=\"serigne-touba-museum-senegal-architectural-firm-archi-concept-international-malick-mbow-4\" class=\"img-responsive wp-image-86\" srcset=\"http:\/\/archiconceptint.sn\/en\/wp-content\/uploads\/2019\/08\/serigne-touba-museum-senegal-architectural-firm-archi-concept-international-malick-mbow-4-200x208.jpg 200w, http:\/\/archiconceptint.sn\/en\/wp-content\/uploads\/2019\/08\/serigne-touba-museum-senegal-architectural-firm-archi-concept-international-malick-mbow-4-400x417.jpg 400w, http:\/\/archiconceptint.sn\/en\/wp-content\/uploads\/2019\/08\/serigne-touba-museum-senegal-architectural-firm-archi-concept-international-malick-mbow-4-600x625.jpg 600w, http:\/\/archiconceptint.sn\/en\/wp-content\/uploads\/2019\/08\/serigne-touba-museum-senegal-architectural-firm-archi-concept-international-malick-mbow-4-800x833.jpg 800w, http:\/\/archiconceptint.sn\/en\/wp-content\/uploads\/2019\/08\/serigne-touba-museum-senegal-architectural-firm-archi-concept-international-malick-mbow-4.jpg 1088w\" sizes=\"auto, (max-width: 800px) 100vw, 600px\" \/><\/span><div class=\"fusion-clearfix\"><\/div>\n\n\t\t\t\t\t<\/div>\n\t\t\t\t<\/div><\/div><\/div><\/p>\n","protected":false},"excerpt":{"rendered":"","protected":false},"author":1,"featured_media":0,"parent":49,"menu_order":0,"comment_status":"closed","ping_status":"closed","template":"","meta":{"footnotes":""},"class_list":["post-11","page","type-page","status-publish","hentry"],"_links":{"self":[{"href":"http:\/\/archiconceptint.sn\/en\/wp-json\/wp\/v2\/pages\/11","targetHints":{"allow":["GET"]}}],"collection":[{"href":"http:\/\/archiconceptint.sn\/en\/wp-json\/wp\/v2\/pages"}],"about":[{"href":"http:\/\/archiconceptint.sn\/en\/wp-json\/wp\/v2\/types\/page"}],"author":[{"embeddable":true,"href":"http:\/\/archiconceptint.sn\/en\/wp-json\/wp\/v2\/users\/1"}],"replies":[{"embeddable":true,"href":"http:\/\/archiconceptint.sn\/en\/wp-json\/wp\/v2\/comments?post=11"}],"version-history":[{"count":5,"href":"http:\/\/archiconceptint.sn\/en\/wp-json\/wp\/v2\/pages\/11\/revisions"}],"predecessor-version":[{"id":88,"href":"http:\/\/archiconceptint.sn\/en\/wp-json\/wp\/v2\/pages\/11\/revisions\/88"}],"up":[{"embeddable":true,"href":"http:\/\/archiconceptint.sn\/en\/wp-json\/wp\/v2\/pages\/49"}],"wp:attachment":[{"href":"http:\/\/archiconceptint.sn\/en\/wp-json\/wp\/v2\/media?parent=11"}],"curies":[{"name":"wp","href":"https:\/\/api.w.org\/{rel}","templated":true}]}}